{"id":860,"date":"2018-07-03T13:36:52","date_gmt":"2018-07-03T16:36:52","guid":{"rendered":"https:\/\/iescolombia-sal.infd.edu.ar\/sitio\/plan-de-estudios-4\/"},"modified":"2024-10-21T19:35:56","modified_gmt":"2024-10-21T22:35:56","slug":"plan-de-estudios-4","status":"publish","type":"page","link":"https:\/\/iescolombia-sal.infd.edu.ar\/sitio\/plan-de-estudios-4\/","title":{"rendered":"Profesorado de Danzas (Orientaci\u00f3n en danzas Folcl\u00f3ricas) -4 a\u00f1os-"},"content":{"rendered":"\n<figure class=\"wp-block-image size-full is-resized\"><img decoding=\"async\" loading=\"lazy\" src=\"https:\/\/iescolombia-sal.infd.edu.ar\/sitio\/wp-content\/uploads\/2024\/10\/6-removebg-preview.png\" alt=\"\" class=\"wp-image-1803\" width=\"322\" height=\"181\"\/><\/figure>\n\n\n<p>MODALIDAD: Presencial\u00a0<\/p>\n<p>Plan de estudios en el siguiente enlace<a title=\"Plan de estudios\" href=\"upload\/Plan_de_Estudio_-_Danza.pdf\" target=\"_blank\" rel=\"noopener\">\u00a0<span style=\"color: #ff0000;\">Prof de Danzas<\/span><\/a><\/p>\n<p>Regimen de correlatividades:<a href=\"https:\/\/drive.google.com\/file\/d\/1Hl8qKfY1TOxFmuvMQlMUb6uxKeJpJzls\/view?usp=sharing\">Prof de Danzas<\/a><\/p>\n<p>\u00a0<\/p>","protected":false},"excerpt":{"rendered":"<p>MODALIDAD: Presencial\u00a0 Plan de estudios en el siguiente enlace\u00a0Prof de Danzas Regimen de correlatividades:Prof de Danzas \u00a0<\/p>\n","protected":false},"author":78,"featured_media":0,"parent":0,"menu_order":0,"comment_status":"closed","ping_status":"closed","template":"","meta":[],"acf":[],"_links":{"self":[{"href":"https:\/\/iescolombia-sal.infd.edu.ar\/sitio\/wp-json\/wp\/v2\/pages\/860"}],"collection":[{"href":"https:\/\/iescolombia-sal.infd.edu.ar\/sitio\/wp-json\/wp\/v2\/pages"}],"about":[{"href":"https:\/\/iescolombia-sal.infd.edu.ar\/sitio\/wp-json\/wp\/v2\/types\/page"}],"author":[{"embeddable":true,"href":"https:\/\/iescolombia-sal.infd.edu.ar\/sitio\/wp-json\/wp\/v2\/users\/78"}],"replies":[{"embeddable":true,"href":"https:\/\/iescolombia-sal.infd.edu.ar\/sitio\/wp-json\/wp\/v2\/comments?post=860"}],"version-history":[{"count":4,"href":"https:\/\/iescolombia-sal.infd.edu.ar\/sitio\/wp-json\/wp\/v2\/pages\/860\/revisions"}],"predecessor-version":[{"id":1888,"href":"https:\/\/iescolombia-sal.infd.edu.ar\/sitio\/wp-json\/wp\/v2\/pages\/860\/revisions\/1888"}],"wp:attachment":[{"href":"https:\/\/iescolombia-sal.infd.edu.ar\/sitio\/wp-json\/wp\/v2\/media?parent=860"}],"curies":[{"name":"wp","href":"https:\/\/api.w.org\/{rel}","templated":true}]}}