{"id":793,"date":"2018-07-03T13:36:22","date_gmt":"2018-07-03T16:36:22","guid":{"rendered":"https:\/\/iescolombia-sal.infd.edu.ar\/sitio\/datos-institucionales\/"},"modified":"2024-10-21T15:16:25","modified_gmt":"2024-10-21T18:16:25","slug":"datos-institucionales","status":"publish","type":"page","link":"https:\/\/iescolombia-sal.infd.edu.ar\/sitio\/autoridades\/datos-institucionales\/","title":{"rendered":"Datos institucionales"},"content":{"rendered":"<p><strong>ESTABLECIMIENTO<\/strong>:<\/p>\n<p style=\"text-align: center;\"><strong><em>Instituto de Educaci\u00f3n Superior N\u00b0 6.024 \u00abRep\u00fablica de Colombia\u00bb<\/em><\/strong><\/p>\n<p><strong>HORARIO DE ATENCI\u00d3N<\/strong>:<\/p>\n<p style=\"text-align: center;\">18,45 a 23 horas<\/p>\n<p><strong>DIRECCI\u00d3N<\/strong>:<\/p>\n<p style=\"text-align: center;\">Melchora Figueroa de Cornejo 751<\/p>\n<p><strong>LOCALIDAD:<\/strong><\/p>\n<p style=\"text-align: center;\">Rosario de la Frontera &#8211; Salta<\/p>\n<p><strong>TEL\u00c9FONO:<\/strong><\/p>\n<p style=\"text-align: center;\">(03876) 481215<\/p>\n<p>\u00a0\u00a0\u00a0\u00a0\u00a0\u00a0\u00a0\u00a0\u00a0 <strong>E-MAIL DE CONSULTAS<\/strong>:<\/p>\n<p style=\"text-align: center;\">enscolrfra@gmail.com<\/p>\n<hr \/>\n<p>&nbsp;<\/p>\n","protected":false},"excerpt":{"rendered":"<p>ESTABLECIMIENTO: Instituto de Educaci\u00f3n Superior N\u00b0 6.024 \u00abRep\u00fablica de Colombia\u00bb HORARIO DE ATENCI\u00d3N: 18,45 a 23 horas DIRECCI\u00d3N: Melchora Figueroa de Cornejo 751 LOCALIDAD: Rosario de la Frontera &#8211; Salta TEL\u00c9FONO: (03876) 481215 \u00a0\u00a0\u00a0\u00a0\u00a0\u00a0\u00a0\u00a0\u00a0 E-MAIL DE CONSULTAS: enscolrfra@gmail.com &nbsp;<\/p>\n","protected":false},"author":78,"featured_media":0,"parent":798,"menu_order":0,"comment_status":"closed","ping_status":"closed","template":"","meta":[],"acf":[],"_links":{"self":[{"href":"https:\/\/iescolombia-sal.infd.edu.ar\/sitio\/wp-json\/wp\/v2\/pages\/793"}],"collection":[{"href":"https:\/\/iescolombia-sal.infd.edu.ar\/sitio\/wp-json\/wp\/v2\/pages"}],"about":[{"href":"https:\/\/iescolombia-sal.infd.edu.ar\/sitio\/wp-json\/wp\/v2\/types\/page"}],"author":[{"embeddable":true,"href":"https:\/\/iescolombia-sal.infd.edu.ar\/sitio\/wp-json\/wp\/v2\/users\/78"}],"replies":[{"embeddable":true,"href":"https:\/\/iescolombia-sal.infd.edu.ar\/sitio\/wp-json\/wp\/v2\/comments?post=793"}],"version-history":[{"count":2,"href":"https:\/\/iescolombia-sal.infd.edu.ar\/sitio\/wp-json\/wp\/v2\/pages\/793\/revisions"}],"predecessor-version":[{"id":1071,"href":"https:\/\/iescolombia-sal.infd.edu.ar\/sitio\/wp-json\/wp\/v2\/pages\/793\/revisions\/1071"}],"up":[{"embeddable":true,"href":"https:\/\/iescolombia-sal.infd.edu.ar\/sitio\/wp-json\/wp\/v2\/pages\/798"}],"wp:attachment":[{"href":"https:\/\/iescolombia-sal.infd.edu.ar\/sitio\/wp-json\/wp\/v2\/media?parent=793"}],"curies":[{"name":"wp","href":"https:\/\/api.w.org\/{rel}","templated":true}]}}