{"id":755,"date":"2018-07-03T13:36:09","date_gmt":"2018-07-03T16:36:09","guid":{"rendered":"https:\/\/iescolombia-sal.infd.edu.ar\/sitio\/profesorado-de-quimica\/"},"modified":"2024-10-21T19:41:43","modified_gmt":"2024-10-21T22:41:43","slug":"profesorado-de-quimica","status":"publish","type":"page","link":"https:\/\/iescolombia-sal.infd.edu.ar\/sitio\/profesorado-de-quimica\/","title":{"rendered":"Profesorado de Qu\u00edmica- 4 a\u00f1os-"},"content":{"rendered":"\n<p><\/p>\n\n\n\n<figure class=\"wp-block-image size-full\"><img decoding=\"async\" loading=\"lazy\" width=\"666\" height=\"375\" src=\"https:\/\/iescolombia-sal.infd.edu.ar\/sitio\/wp-content\/uploads\/2024\/10\/8-removebg-preview.png\" alt=\"\" class=\"wp-image-1780\"\/><\/figure>\n\n\n<p style=\"text-align: center;\"><span style=\"text-decoration: underline;\"><span style=\"color: #0000ff; font-size: 14pt;\"><em><span style=\"font-family: verdana, geneva;\"><span style=\"font-family: Trebuchet MS;\">PROFESORADO DE QU\u00cdMICA<\/span><\/span><\/em><\/span><\/span><\/p>\n<p>Bienvenidos. Los enlaces para la informaci\u00f3n de planes de estudio y correlatividades de la carrera de Profesorado de Qu\u00edmica los encontrar\u00e1s a continuaci\u00f3n:<\/p>\n<p>MODALIDAD: Presencial<\/p>\n<p><a href=\"https:\/\/drive.google.com\/file\/d\/1hmtjAhIbPpT5wRQERKK1M6DK69ycJmgF\/view?usp=sharing\">-Plan de Estudio-<\/a><\/p>\n<p><a href=\"https:\/\/drive.google.com\/file\/d\/1i0_jNZBjxgYFuKZq7J1whO-U0ayMS2Dj\/view?usp=sharing\">-R\u00e9gimen de Correlatividades-<\/a><\/p>","protected":false},"excerpt":{"rendered":"<p>PROFESORADO DE QU\u00cdMICA Bienvenidos. Los enlaces para la informaci\u00f3n de planes de estudio y correlatividades de la carrera de Profesorado de Qu\u00edmica los encontrar\u00e1s a continuaci\u00f3n: MODALIDAD: Presencial -Plan de Estudio- -R\u00e9gimen de Correlatividades-<\/p>\n","protected":false},"author":78,"featured_media":0,"parent":0,"menu_order":0,"comment_status":"closed","ping_status":"closed","template":"","meta":[],"acf":[],"_links":{"self":[{"href":"https:\/\/iescolombia-sal.infd.edu.ar\/sitio\/wp-json\/wp\/v2\/pages\/755"}],"collection":[{"href":"https:\/\/iescolombia-sal.infd.edu.ar\/sitio\/wp-json\/wp\/v2\/pages"}],"about":[{"href":"https:\/\/iescolombia-sal.infd.edu.ar\/sitio\/wp-json\/wp\/v2\/types\/page"}],"author":[{"embeddable":true,"href":"https:\/\/iescolombia-sal.infd.edu.ar\/sitio\/wp-json\/wp\/v2\/users\/78"}],"replies":[{"embeddable":true,"href":"https:\/\/iescolombia-sal.infd.edu.ar\/sitio\/wp-json\/wp\/v2\/comments?post=755"}],"version-history":[{"count":4,"href":"https:\/\/iescolombia-sal.infd.edu.ar\/sitio\/wp-json\/wp\/v2\/pages\/755\/revisions"}],"predecessor-version":[{"id":1892,"href":"https:\/\/iescolombia-sal.infd.edu.ar\/sitio\/wp-json\/wp\/v2\/pages\/755\/revisions\/1892"}],"wp:attachment":[{"href":"https:\/\/iescolombia-sal.infd.edu.ar\/sitio\/wp-json\/wp\/v2\/media?parent=755"}],"curies":[{"name":"wp","href":"https:\/\/api.w.org\/{rel}","templated":true}]}}