{"id":1523,"date":"2023-02-16T12:28:25","date_gmt":"2023-02-16T15:28:25","guid":{"rendered":"https:\/\/iescolombia-sal.infd.edu.ar\/sitio\/?page_id=1523"},"modified":"2024-10-19T22:04:50","modified_gmt":"2024-10-20T01:04:50","slug":"documentacion-para-consulta-y-descarga","status":"publish","type":"page","link":"https:\/\/iescolombia-sal.infd.edu.ar\/sitio\/documentacion-para-consulta-y-descarga\/","title":{"rendered":"DOCUMENTACI\u00d3N PARA CONSULTA Y DESCARGA"},"content":{"rendered":"<div class=\"wp-block-image is-style-rounded\">\n<figure class=\"aligncenter size-full is-resized\"><img decoding=\"async\" loading=\"lazy\" src=\"https:\/\/iescolombia-sal.infd.edu.ar\/sitio\/wp-content\/uploads\/2024\/10\/escudo.png\" alt=\"\" class=\"wp-image-1785\" width=\"207\" height=\"207\"\/><\/figure><\/div>\n\n\n<p>En esta secci\u00f3n podr\u00e1s consultar y descargar toda la documentaci\u00f3n y archivos de importancia que te ayudar\u00e1n a transitar tu vida dentro de la instituci\u00f3n. Cada carrera tiene sus correspondientes enlaces. <\/p>\n\n\n\n<p>PROF. DE QU\u00cdMICA: <a href=\"https:\/\/drive.google.com\/file\/d\/1ucFwAIEac569oFcYXqXAI3XuunKd0ueT\/view?usp=sharing\">RAM<\/a>&#8211;<a href=\"https:\/\/drive.google.com\/file\/d\/1c9b36rZeMJzcI6zH3LnTxL-ooCKXh3na\/view?usp=sharing\">PLAN DE ESTUDIO<\/a>&#8211;<a href=\"https:\/\/drive.google.com\/file\/d\/1HNoIFrhDecN3WiQ_ZDj9niBDEoJZ7su9\/view?usp=sharing\">APTO F\u00cdSICO<\/a>&#8211;<a href=\"https:\/\/drive.google.com\/file\/d\/1bcd2y9ged6v1XK_cRcoIDppbQ8W5xa4C\/view?usp=sharing\">PLAN DE CORRELATIVIDADES-<\/a><\/p>\n\n\n\n<p>PROF. DE EDUCACI\u00d3N INICIAL: <a href=\"https:\/\/drive.google.com\/file\/d\/1ucFwAIEac569oFcYXqXAI3XuunKd0ueT\/view?usp=sharing\">RAM<\/a>&#8211;<a href=\"https:\/\/drive.google.com\/file\/d\/19ihnxg13FVQpg-49L_InlELzlQAa3sh4\/view?usp=sharing\">PLAN DE ESTUDIO<\/a>&#8211;<a href=\"https:\/\/drive.google.com\/file\/d\/1HNoIFrhDecN3WiQ_ZDj9niBDEoJZ7su9\/view?usp=sharing\">APTO F\u00cdSICO<\/a>&#8211;<a href=\"https:\/\/drive.google.com\/file\/d\/1WTkdb5t_kZB-u28cWZll1Ch-_DgKL5s9\/view?usp=sharing\">PLAN DE CORRELATIVIDADES-<\/a><\/p>\n\n\n\n<p>PROF. DE DANZAS: <a href=\"https:\/\/drive.google.com\/file\/d\/1ucFwAIEac569oFcYXqXAI3XuunKd0ueT\/view?usp=sharing\">RAM<\/a>&#8211;<a href=\"https:\/\/drive.google.com\/file\/d\/1Y11oni3n57Xcvj7vETCSKjUA0nQWnhqh\/view?usp=sharing\">PLAN DE ESTUDIO<\/a>&#8211;<a href=\"https:\/\/drive.google.com\/file\/d\/1HNoIFrhDecN3WiQ_ZDj9niBDEoJZ7su9\/view?usp=sharing\">APTO F\u00cdSICO<\/a>&#8211;<a href=\"https:\/\/drive.google.com\/file\/d\/16VZ1eEYGV4Rb_iPRnJcB5utJANjeHgDr\/view?usp=sharing\">PLAN DE CORRELATIVIDADES-<\/a><\/p>\n\n\n\n<p>PROF. DE EDUCACI\u00d3N PRIMARIA: <a href=\"https:\/\/drive.google.com\/file\/d\/1ucFwAIEac569oFcYXqXAI3XuunKd0ueT\/view?usp=sharing\">RAM<\/a>&#8211;<a href=\"https:\/\/drive.google.com\/file\/d\/1Ug_3DsJnyQcFX5wpW-X0k0VUF84oNyGK\/view?usp=sharing\">PLAN DE ESTUDIO<\/a>&#8211;<a href=\"https:\/\/drive.google.com\/file\/d\/1HNoIFrhDecN3WiQ_ZDj9niBDEoJZ7su9\/view?usp=sharing\">APTO F\u00cdSICO<\/a>&#8211;<a href=\"https:\/\/drive.google.com\/file\/d\/1TLvohNslx9QrkzyNr-CrijKZAfBML548\/view?usp=sharing\">PLAN DE CORRELATIVIDADES-<\/a><\/p>\n\n\n\n<p><\/p>\n\n\n\n<p><strong>GRACIAS POR TU VISITA<\/strong><\/p>\n","protected":false},"excerpt":{"rendered":"<p>En esta secci\u00f3n podr\u00e1s consultar y descargar toda la documentaci\u00f3n y archivos de importancia que te ayudar\u00e1n a transitar tu vida dentro de la instituci\u00f3n. Cada carrera tiene sus correspondientes enlaces. PROF. DE QU\u00cdMICA: RAM&#8211;PLAN DE ESTUDIO&#8211;APTO F\u00cdSICO&#8211;PLAN DE CORRELATIVIDADES- PROF. DE EDUCACI\u00d3N INICIAL: RAM&#8211;PLAN DE ESTUDIO&#8211;APTO F\u00cdSICO&#8211;PLAN DE CORRELATIVIDADES- PROF. DE DANZAS: RAM&#8211;PLAN DE &#8230; <a title=\"DOCUMENTACI\u00d3N PARA CONSULTA Y DESCARGA\" class=\"read-more\" href=\"https:\/\/iescolombia-sal.infd.edu.ar\/sitio\/documentacion-para-consulta-y-descarga\/\" aria-label=\"More on DOCUMENTACI\u00d3N PARA CONSULTA Y DESCARGA\">[+]<\/a><\/p>\n","protected":false},"author":46,"featured_media":0,"parent":0,"menu_order":0,"comment_status":"closed","ping_status":"closed","template":"","meta":[],"acf":[],"_links":{"self":[{"href":"https:\/\/iescolombia-sal.infd.edu.ar\/sitio\/wp-json\/wp\/v2\/pages\/1523"}],"collection":[{"href":"https:\/\/iescolombia-sal.infd.edu.ar\/sitio\/wp-json\/wp\/v2\/pages"}],"about":[{"href":"https:\/\/iescolombia-sal.infd.edu.ar\/sitio\/wp-json\/wp\/v2\/types\/page"}],"author":[{"embeddable":true,"href":"https:\/\/iescolombia-sal.infd.edu.ar\/sitio\/wp-json\/wp\/v2\/users\/46"}],"replies":[{"embeddable":true,"href":"https:\/\/iescolombia-sal.infd.edu.ar\/sitio\/wp-json\/wp\/v2\/comments?post=1523"}],"version-history":[{"count":3,"href":"https:\/\/iescolombia-sal.infd.edu.ar\/sitio\/wp-json\/wp\/v2\/pages\/1523\/revisions"}],"predecessor-version":[{"id":1786,"href":"https:\/\/iescolombia-sal.infd.edu.ar\/sitio\/wp-json\/wp\/v2\/pages\/1523\/revisions\/1786"}],"wp:attachment":[{"href":"https:\/\/iescolombia-sal.infd.edu.ar\/sitio\/wp-json\/wp\/v2\/media?parent=1523"}],"curies":[{"name":"wp","href":"https:\/\/api.w.org\/{rel}","templated":true}]}}